{"id":12464,"date":"2020-07-06T15:35:57","date_gmt":"2020-07-06T15:35:57","guid":{"rendered":"https:\/\/demo1.mycartheme.com\/?page_id=12464"},"modified":"2021-12-01T07:48:37","modified_gmt":"2021-12-01T07:48:37","slug":"loan-calculator","status":"publish","type":"page","link":"https:\/\/geriauto.lt\/automobiliai\/loan-calculator\/","title":{"rendered":"Loan Calculator"},"content":{"rendered":"\t\t<div data-elementor-type=\"wp-page\" data-elementor-id=\"12464\" class=\"elementor elementor-12464\" data-elementor-post-type=\"page\">\n\t\t\t\t\t\t<section class=\"elementor-section elementor-top-section elementor-element elementor-element-be4c023 elementor-section-boxed elementor-section-height-default elementor-section-height-default\" data-id=\"be4c023\" data-element_type=\"section\">\n\t\t\t\t\t\t<div class=\"elementor-container elementor-column-gap-default\">\n\t\t\t\t\t<div class=\"elementor-column elementor-col-100 elementor-top-column elementor-element elementor-element-ff5ae5e\" data-id=\"ff5ae5e\" data-element_type=\"column\">\n\t\t\t<div class=\"elementor-widget-wrap elementor-element-populated\">\n\t\t\t\t\t\t<div class=\"elementor-element elementor-element-b2fdcac elementor-widget elementor-widget-spacer\" data-id=\"b2fdcac\" data-element_type=\"widget\" data-widget_type=\"spacer.default\">\n\t\t\t\t<div class=\"elementor-widget-container\">\n\t\t\t\t\t\t\t<div class=\"elementor-spacer\">\n\t\t\t<div class=\"elementor-spacer-inner\"><\/div>\n\t\t<\/div>\n\t\t\t\t\t\t<\/div>\n\t\t\t\t<\/div>\n\t\t\t\t<div class=\"elementor-element elementor-element-459e4e0 elementor-widget elementor-widget-vehica_loan_calculator_general_widget\" data-id=\"459e4e0\" data-element_type=\"widget\" data-widget_type=\"vehica_loan_calculator_general_widget.default\">\n\t\t\t\t<div class=\"elementor-widget-container\">\n\t\t\t\t\t<div class=\"vehica-app\">\n    <vehica-loan-calculator\n            widget-id=\"459e4e0\"\n            decimal-separator=\".\"\n            thousands-separator=\",\"\n            :price-decimal-places=\"0\"\n            price-decimal-separator=\"\"\n            price-thousands-separator=\" \"\n            :round-to-integer=\"false\"\n    >\n        <div slot-scope=\"props\" class=\"vehica-loan-calculator\">\n            <div class=\"vehica-loan-calculator__title\">\n                Lizingo skai\u010diuokl\u0117            <\/div>\n\n            \n            <form @submit.prevent=\"props.onCalculate\">\n                <div class=\"vehica-loan-calculator__fields\">\n                    <div class=\"vehica-loan-calculator__fields__inner\">\n                        <div class=\"vehica-loan-calculator__field-wrapper\">\n                            <h4>\n                                Kaina                                <span class=\"vehica-text-primary\">*<\/span>\n                            <\/h4>\n\n                            <div class=\"vehica-loan-calculator__field\">\n                                <div class=\"vehica-loan-calculator__sign\">\n                                    <i class=\"fas fa-tag\"><\/i>\n                                <\/div>\n\n                                <input\n                                        id=\"vehica-459e4e0-loan-calculator__price\"\n                                        type=\"text\"\n                                                                            value=\"5000\"\n                                                                    >\n                            <\/div>\n                        <\/div>\n\n                        <div class=\"vehica-loan-calculator__field-wrapper\">\n                            <h4>\n                                Pal\u016bkanos                                <span class=\"vehica-text-primary\">*<\/span>\n                            <\/h4>\n\n                            <div class=\"vehica-loan-calculator__field\">\n                                <div class=\"vehica-loan-calculator__sign\">\n                                    %                                <\/div>\n\n                                <input\n                                        id=\"vehica-459e4e0-loan-calculator__rate\"\n                                        type=\"text\"\n                                        value=\"6\"\n                                >\n                            <\/div>\n                        <\/div>\n\n                        <div class=\"vehica-loan-calculator__field-wrapper\">\n                            <h4>Laikotarpis m\u0117nesiais                                <span class=\"vehica-text-primary\">*<\/span>\n                            <\/h4>\n\n                            <div class=\"vehica-loan-calculator__field\">\n                                <div class=\"vehica-loan-calculator__sign\">\n                                    <i class=\"far fa-calendar-alt\"><\/i>\n                                <\/div>\n\n                                <input\n                                        id=\"vehica-459e4e0-loan-calculator__months\"\n                                        type=\"text\"\n                                        value=\"72\"\n                                >\n                            <\/div>\n                        <\/div>\n\n                        <div class=\"vehica-loan-calculator__field-wrapper\">\n                            <h4>Pradinis \u012fna\u0161as (Neprivaloma)<\/h4>\n\n                            <div class=\"vehica-loan-calculator__field\">\n                                <div class=\"vehica-loan-calculator__sign\">\n                                     \u20ac                                <\/div>\n\n                                <input\n                                        id=\"vehica-459e4e0-loan-calculator__contribution\"\n                                        type=\"text\"\n                                                                            value=\"0.00\"\n                                                                    >\n                            <\/div>\n                        <\/div>\n                    <\/div>\n                <\/div>\n            <\/form>\n\n            <div>\n                <div class=\"vehica-loan-calculator__separator\"><\/div>\n\n                <div class=\"vehica-loan-calculator__results--wrapper\">\n                    <div class=\"vehica-loan-calculator__results\">\n                        <div class=\"vehica-loan-calculator__results__col\">\n                            <h3>M\u0117nesin\u0117 \u012fmoka<\/h3>\n                            <h4 v-if=\"!props.showResults\">-<\/h4>\n                            <template>\n                                <h4 v-if=\"props.showResults\">{{ props.installment }}<\/h4>\n                            <\/template>\n                        <\/div>\n\n                        <div class=\"vehica-loan-calculator__results__col\">\n                            <h3>Pabrangimas<\/h3>\n                            <h4 v-if=\"!props.showResults\">-<\/h4>\n                            <template>\n                                <h4 v-if=\"props.showResults\">{{ props.interest }}<\/h4>\n                            <\/template>\n                        <\/div>\n\n                        <div class=\"vehica-loan-calculator__results__col\">\n                            <h3>Bendrai sumokama termino pabaigoje<\/h3>\n                            <h4 v-if=\"!props.showResults\">-<\/h4>\n                            <template>\n                                <h4 v-if=\"props.showResults\">\n                                    {{ props.total }}\n                                <\/h4>\n                            <\/template>\n                        <\/div>\n                    <\/div>\n                <\/div>\n                                    <div class=\"vehica-loan-calculator__end-text\">\n                        <p>Tai yra pavyzdin\u0117 skai\u010diuokl\u0117, kurioje galite apskai\u010diuoti kokia gal\u0117t\u0173 b\u016bti m\u0117nesin\u0117 automobilio lizingo \u012fmoka \u012fvedus norimus duomenis. Tai n\u0117ra tikslus lizingo \u012fmokos apskai\u010diavimas. Individual\u0173 lizingo pasi\u016blym\u0105 galite gauti u\u017epild\u017eius parai\u0161k\u0105.<\/p>                    <\/div>\n                            <\/div>\n        <\/div>\n    <\/vehica-loan-calculator>\n<\/div>\t\t\t\t<\/div>\n\t\t\t\t<\/div>\n\t\t\t\t<div class=\"elementor-element elementor-element-4e18f38 elementor-align-center elementor-widget elementor-widget-button\" data-id=\"4e18f38\" data-element_type=\"widget\" data-widget_type=\"button.default\">\n\t\t\t\t<div class=\"elementor-widget-container\">\n\t\t\t\t\t\t\t\t\t<div class=\"elementor-button-wrapper\">\n\t\t\t\t\t<a class=\"elementor-button elementor-button-link elementor-size-xl\" href=\"\/paraiska\">\n\t\t\t\t\t\t<span class=\"elementor-button-content-wrapper\">\n\t\t\t\t\t\t\t\t\t<span class=\"elementor-button-text\">Pildyti parai\u0161k\u0105 dabar<\/span>\n\t\t\t\t\t<\/span>\n\t\t\t\t\t<\/a>\n\t\t\t\t<\/div>\n\t\t\t\t\t\t\t\t<\/div>\n\t\t\t\t<\/div>\n\t\t\t\t<div class=\"elementor-element elementor-element-1607bc3 elementor-widget elementor-widget-spacer\" data-id=\"1607bc3\" data-element_type=\"widget\" data-widget_type=\"spacer.default\">\n\t\t\t\t<div class=\"elementor-widget-container\">\n\t\t\t\t\t\t\t<div class=\"elementor-spacer\">\n\t\t\t<div class=\"elementor-spacer-inner\"><\/div>\n\t\t<\/div>\n\t\t\t\t\t\t<\/div>\n\t\t\t\t<\/div>\n\t\t\t\t\t<\/div>\n\t\t<\/div>\n\t\t\t\t\t<\/div>\n\t\t<\/section>\n\t\t\t\t<\/div>\n\t\t","protected":false},"excerpt":{"rendered":"<p>Lizingo skai\u010diuokl\u0117 Kaina * Pal\u016bkanos * % Laikotarpis m\u0117nesiais * Pradinis \u012fna\u0161as (Neprivaloma) \u20ac M\u0117nesin\u0117 \u012fmoka &#8211; {{ props.installment }} Pabrangimas &#8211; {{ props.interest }} Bendrai sumokama termino pabaigoje &#8211; {{ props.total }} Tai yra pavyzdin\u0117 skai\u010diuokl\u0117, kurioje galite apskai\u010diuoti kokia gal\u0117t\u0173 b\u016bti m\u0117nesin\u0117 automobilio lizingo \u012fmoka \u012fvedus norimus duomenis. Tai n\u0117ra tikslus lizingo \u012fmokos [&hellip;]<\/p>\n","protected":false},"author":1,"featured_media":0,"parent":0,"menu_order":0,"comment_status":"closed","ping_status":"closed","template":"","meta":{"om_disable_all_campaigns":false,"_uf_show_specific_survey":0,"_uf_disable_surveys":false,"footnotes":""},"class_list":["post-12464","page","type-page","status-publish","hentry"],"aioseo_notices":[],"_links":{"self":[{"href":"https:\/\/geriauto.lt\/automobiliai\/wp-json\/wp\/v2\/pages\/12464","targetHints":{"allow":["GET"]}}],"collection":[{"href":"https:\/\/geriauto.lt\/automobiliai\/wp-json\/wp\/v2\/pages"}],"about":[{"href":"https:\/\/geriauto.lt\/automobiliai\/wp-json\/wp\/v2\/types\/page"}],"author":[{"embeddable":true,"href":"https:\/\/geriauto.lt\/automobiliai\/wp-json\/wp\/v2\/users\/1"}],"replies":[{"embeddable":true,"href":"https:\/\/geriauto.lt\/automobiliai\/wp-json\/wp\/v2\/comments?post=12464"}],"version-history":[{"count":30,"href":"https:\/\/geriauto.lt\/automobiliai\/wp-json\/wp\/v2\/pages\/12464\/revisions"}],"predecessor-version":[{"id":19717,"href":"https:\/\/geriauto.lt\/automobiliai\/wp-json\/wp\/v2\/pages\/12464\/revisions\/19717"}],"wp:attachment":[{"href":"https:\/\/geriauto.lt\/automobiliai\/wp-json\/wp\/v2\/media?parent=12464"}],"curies":[{"name":"wp","href":"https:\/\/api.w.org\/{rel}","templated":true}]}}