{"id":49918,"date":"2022-07-13T09:43:41","date_gmt":"2022-07-13T09:43:41","guid":{"rendered":"http:\/\/geriauto.lt\/automobiliai\/?page_id=49918"},"modified":"2023-11-04T09:22:59","modified_gmt":"2023-11-04T09:22:59","slug":"partneriai","status":"publish","type":"page","link":"https:\/\/geriauto.lt\/automobiliai\/partneriai\/","title":{"rendered":"Partneriai"},"content":{"rendered":"\t\t<div data-elementor-type=\"wp-page\" data-elementor-id=\"49918\" class=\"elementor elementor-49918\" data-elementor-post-type=\"page\">\n\t\t\t\t\t\t<section class=\"elementor-section elementor-top-section elementor-element elementor-element-891d8b8 elementor-section-boxed elementor-section-height-default elementor-section-height-default\" data-id=\"891d8b8\" data-element_type=\"section\">\n\t\t\t\t\t\t<div class=\"elementor-container elementor-column-gap-default\">\n\t\t\t\t\t<div class=\"elementor-column elementor-col-100 elementor-top-column elementor-element elementor-element-8d175f9\" data-id=\"8d175f9\" data-element_type=\"column\">\n\t\t\t<div class=\"elementor-widget-wrap elementor-element-populated\">\n\t\t\t\t\t\t<div class=\"elementor-element elementor-element-42d50de elementor-widget elementor-widget-text-editor\" data-id=\"42d50de\" data-element_type=\"widget\" data-widget_type=\"text-editor.default\">\n\t\t\t\t<div class=\"elementor-widget-container\">\n\t\t\t\t\t\t\t\t\t<p><strong>M\u016bs\u0173 partneriai:<\/strong><\/p><p>Vartojimo kreditai ir lizingas:<\/p><ul><li>UAB GF Bankas<\/li><li>AS Inbank filialas<\/li><li>Bigbank AS filialas<\/li><li>UAB SB Lizingas<\/li><li>UAB Blender Lithuania<\/li><li>AB \u0160iauli\u0173 Bankas<\/li><\/ul><p>I\u0161perkamoji nuoma:<\/p><ul><li>UAB Go4Rent<\/li><\/ul><p><a href=\"https:\/\/www.extramile.lt\/\">Automobiliai pagal u\u017esakym\u0105<\/a>:<\/p><ul><li>ExtraMile.lt<\/li><\/ul>\t\t\t\t\t\t\t\t<\/div>\n\t\t\t\t<\/div>\n\t\t\t\t\t<\/div>\n\t\t<\/div>\n\t\t\t\t\t<\/div>\n\t\t<\/section>\n\t\t\t\t<\/div>\n\t\t","protected":false},"excerpt":{"rendered":"<p>M\u016bs\u0173 partneriai: Vartojimo kreditai ir lizingas: UAB GF Bankas AS Inbank filialas Bigbank AS filialas UAB SB Lizingas UAB Blender Lithuania AB \u0160iauli\u0173 Bankas I\u0161perkamoji nuoma: UAB Go4Rent Automobiliai pagal u\u017esakym\u0105: ExtraMile.lt<\/p>\n","protected":false},"author":1,"featured_media":0,"parent":0,"menu_order":0,"comment_status":"closed","ping_status":"closed","template":"","meta":{"om_disable_all_campaigns":false,"_uf_show_specific_survey":0,"_uf_disable_surveys":false,"footnotes":""},"class_list":["post-49918","page","type-page","status-publish","hentry"],"aioseo_notices":[],"_links":{"self":[{"href":"https:\/\/geriauto.lt\/automobiliai\/wp-json\/wp\/v2\/pages\/49918","targetHints":{"allow":["GET"]}}],"collection":[{"href":"https:\/\/geriauto.lt\/automobiliai\/wp-json\/wp\/v2\/pages"}],"about":[{"href":"https:\/\/geriauto.lt\/automobiliai\/wp-json\/wp\/v2\/types\/page"}],"author":[{"embeddable":true,"href":"https:\/\/geriauto.lt\/automobiliai\/wp-json\/wp\/v2\/users\/1"}],"replies":[{"embeddable":true,"href":"https:\/\/geriauto.lt\/automobiliai\/wp-json\/wp\/v2\/comments?post=49918"}],"version-history":[{"count":13,"href":"https:\/\/geriauto.lt\/automobiliai\/wp-json\/wp\/v2\/pages\/49918\/revisions"}],"predecessor-version":[{"id":59802,"href":"https:\/\/geriauto.lt\/automobiliai\/wp-json\/wp\/v2\/pages\/49918\/revisions\/59802"}],"wp:attachment":[{"href":"https:\/\/geriauto.lt\/automobiliai\/wp-json\/wp\/v2\/media?parent=49918"}],"curies":[{"name":"wp","href":"https:\/\/api.w.org\/{rel}","templated":true}]}}